{"id":88,"date":"2025-12-25T21:30:11","date_gmt":"2025-12-25T21:30:11","guid":{"rendered":"https:\/\/zetatoons.fr\/?page_id=88"},"modified":"2025-12-28T18:12:00","modified_gmt":"2025-12-28T18:12:00","slug":"characters","status":"publish","type":"page","link":"https:\/\/zetatoons.fr\/index.php\/characters\/","title":{"rendered":"Character reference sheets"},"content":{"rendered":"\n<h2 class=\"wp-block-heading\">DreaMind characters<\/h2>\n\n\n\n<p>Character of my amateur webcomic &#8220;DreaMind&#8221; I share with my co-writer AlphaPlot. <\/p>\n\n\n\n<div class=\"wp-block-columns is-layout-flex wp-container-core-columns-is-layout-28f84493 wp-block-columns-is-layout-flex\">\n<div class=\"wp-block-column is-layout-flow wp-block-column-is-layout-flow\">\n<p class=\"has-text-align-center\">L\u00e9a <br>Lysenfet<\/p>\n\n\n\n<figure class=\"wp-block-image aligncenter size-full has-custom-border is-style-rounded is-style-rounded--1\"><a href=\"https:\/\/zetatoons.fr\/index.php\/lea-lysenfet\/\"><img loading=\"lazy\" decoding=\"async\" width=\"524\" height=\"468\" src=\"http:\/\/zetatoons.fr\/wp-content\/uploads\/2025\/12\/PdP_Lea.jpg\" alt=\"\" class=\"wp-image-120\" style=\"border-top-left-radius:20px;border-top-right-radius:20px;border-bottom-left-radius:20px;border-bottom-right-radius:20px\" srcset=\"https:\/\/zetatoons.fr\/wp-content\/uploads\/2025\/12\/PdP_Lea.jpg 524w, https:\/\/zetatoons.fr\/wp-content\/uploads\/2025\/12\/PdP_Lea-300x268.jpg 300w\" sizes=\"auto, (max-width: 524px) 100vw, 524px\" \/><\/a><\/figure>\n<\/div>\n\n\n\n<div class=\"wp-block-column is-layout-flow wp-block-column-is-layout-flow\">\n<p class=\"has-text-align-center\">Alexandre Enrawl<\/p>\n\n\n\n<figure class=\"wp-block-image aligncenter size-full has-custom-border\"><a href=\"https:\/\/zetatoons.fr\/index.php\/alexandre-enrawl\/\"><img loading=\"lazy\" decoding=\"async\" width=\"426\" height=\"444\" src=\"http:\/\/zetatoons.fr\/wp-content\/uploads\/2025\/12\/PdP_Alex.jpg\" alt=\"\" class=\"wp-image-128\" style=\"border-top-left-radius:20px;border-top-right-radius:20px;border-bottom-left-radius:20px;border-bottom-right-radius:20px\" srcset=\"https:\/\/zetatoons.fr\/wp-content\/uploads\/2025\/12\/PdP_Alex.jpg 426w, https:\/\/zetatoons.fr\/wp-content\/uploads\/2025\/12\/PdP_Alex-288x300.jpg 288w\" sizes=\"auto, (max-width: 426px) 100vw, 426px\" \/><\/a><\/figure>\n<\/div>\n\n\n\n<div class=\"wp-block-column is-layout-flow wp-block-column-is-layout-flow\">\n<p class=\"has-text-align-center\">\u00c9ric <br>Lasbrogh<\/p>\n\n\n\n<figure class=\"wp-block-image size-full has-custom-border\"><a href=\"https:\/\/zetatoons.fr\/index.php\/eric-lasbrogh\/\"><img loading=\"lazy\" decoding=\"async\" width=\"355\" height=\"391\" src=\"http:\/\/zetatoons.fr\/wp-content\/uploads\/2025\/12\/PdP_Eric.jpg\" alt=\"\" class=\"wp-image-133\" style=\"border-top-left-radius:20px;border-top-right-radius:20px;border-bottom-left-radius:20px;border-bottom-right-radius:20px\" srcset=\"https:\/\/zetatoons.fr\/wp-content\/uploads\/2025\/12\/PdP_Eric.jpg 355w, https:\/\/zetatoons.fr\/wp-content\/uploads\/2025\/12\/PdP_Eric-272x300.jpg 272w\" sizes=\"auto, (max-width: 355px) 100vw, 355px\" \/><\/a><\/figure>\n<\/div>\n\n\n\n<div class=\"wp-block-column is-layout-flow wp-block-column-is-layout-flow\">\n<p class=\"has-text-align-center\">L\u00e9o <br>Fredone<\/p>\n\n\n\n<figure class=\"wp-block-image size-full has-custom-border\"><a href=\"https:\/\/zetatoons.fr\/index.php\/leo-fredone\/\"><img loading=\"lazy\" decoding=\"async\" width=\"427\" height=\"412\" src=\"http:\/\/zetatoons.fr\/wp-content\/uploads\/2025\/12\/PdP_Leo.jpg\" alt=\"\" class=\"wp-image-121\" style=\"border-top-left-radius:20px;border-top-right-radius:20px;border-bottom-left-radius:20px;border-bottom-right-radius:20px\" srcset=\"https:\/\/zetatoons.fr\/wp-content\/uploads\/2025\/12\/PdP_Leo.jpg 427w, https:\/\/zetatoons.fr\/wp-content\/uploads\/2025\/12\/PdP_Leo-300x289.jpg 300w\" sizes=\"auto, (max-width: 427px) 100vw, 427px\" \/><\/a><\/figure>\n<\/div>\n<\/div>\n\n\n\n<div class=\"wp-block-columns is-layout-flex wp-container-core-columns-is-layout-28f84493 wp-block-columns-is-layout-flex\">\n<div class=\"wp-block-column is-layout-flow wp-block-column-is-layout-flow\">\n<p class=\"has-text-align-center\">J\u00e9r\u00e9mie<br>Tanaka<\/p>\n\n\n\n<figure class=\"wp-block-image aligncenter size-full has-custom-border is-style-rounded is-style-rounded--2\"><a href=\"https:\/\/zetatoons.fr\/index.php\/jeremie-tanaka\/\"><img loading=\"lazy\" decoding=\"async\" width=\"509\" height=\"473\" src=\"http:\/\/zetatoons.fr\/wp-content\/uploads\/2025\/12\/PdP_Jeremie.jpg\" alt=\"\" class=\"wp-image-118\" style=\"border-top-left-radius:20px;border-top-right-radius:20px;border-bottom-left-radius:20px;border-bottom-right-radius:20px\" srcset=\"https:\/\/zetatoons.fr\/wp-content\/uploads\/2025\/12\/PdP_Jeremie.jpg 509w, https:\/\/zetatoons.fr\/wp-content\/uploads\/2025\/12\/PdP_Jeremie-300x279.jpg 300w\" sizes=\"auto, (max-width: 509px) 100vw, 509px\" \/><\/a><\/figure>\n<\/div>\n\n\n\n<div class=\"wp-block-column is-layout-flow wp-block-column-is-layout-flow\">\n<p class=\"has-text-align-center\">Rama<br>Ankhur<\/p>\n\n\n\n<figure class=\"wp-block-image aligncenter size-full has-custom-border\"><a href=\"https:\/\/zetatoons.fr\/index.php\/rama-ankhur\/\"><img loading=\"lazy\" decoding=\"async\" width=\"427\" height=\"412\" src=\"http:\/\/zetatoons.fr\/wp-content\/uploads\/2025\/12\/PdP_Rama.jpg\" alt=\"\" class=\"wp-image-123\" style=\"border-top-left-radius:20px;border-top-right-radius:20px;border-bottom-left-radius:20px;border-bottom-right-radius:20px\" srcset=\"https:\/\/zetatoons.fr\/wp-content\/uploads\/2025\/12\/PdP_Rama.jpg 427w, https:\/\/zetatoons.fr\/wp-content\/uploads\/2025\/12\/PdP_Rama-300x289.jpg 300w\" sizes=\"auto, (max-width: 427px) 100vw, 427px\" \/><\/a><\/figure>\n<\/div>\n\n\n\n<div class=\"wp-block-column is-layout-flow wp-block-column-is-layout-flow\">\n<p class=\"has-text-align-center\">Sylvia<br>Sorevyn<\/p>\n\n\n\n<figure class=\"wp-block-image size-full has-custom-border\"><a href=\"https:\/\/zetatoons.fr\/index.php\/sylvia-sorevyn\/\"><img loading=\"lazy\" decoding=\"async\" width=\"494\" height=\"519\" src=\"http:\/\/zetatoons.fr\/wp-content\/uploads\/2025\/12\/PdP_Sylvia.jpg\" alt=\"\" class=\"wp-image-124\" style=\"border-top-left-radius:20px;border-top-right-radius:20px;border-bottom-left-radius:20px;border-bottom-right-radius:20px\" srcset=\"https:\/\/zetatoons.fr\/wp-content\/uploads\/2025\/12\/PdP_Sylvia.jpg 494w, https:\/\/zetatoons.fr\/wp-content\/uploads\/2025\/12\/PdP_Sylvia-286x300.jpg 286w\" sizes=\"auto, (max-width: 494px) 100vw, 494px\" \/><\/a><\/figure>\n<\/div>\n\n\n\n<div class=\"wp-block-column is-layout-flow wp-block-column-is-layout-flow\">\n<p class=\"has-text-align-center\">Alicia<br>Belini<\/p>\n\n\n\n<figure class=\"wp-block-image size-full has-custom-border\"><a href=\"https:\/\/zetatoons.fr\/index.php\/alicia-belini\/\"><img loading=\"lazy\" decoding=\"async\" width=\"478\" height=\"487\" src=\"http:\/\/zetatoons.fr\/wp-content\/uploads\/2025\/12\/PdP_Alicia.jpg\" alt=\"\" class=\"wp-image-129\" style=\"border-top-left-radius:20px;border-top-right-radius:20px;border-bottom-left-radius:20px;border-bottom-right-radius:20px\" srcset=\"https:\/\/zetatoons.fr\/wp-content\/uploads\/2025\/12\/PdP_Alicia.jpg 478w, https:\/\/zetatoons.fr\/wp-content\/uploads\/2025\/12\/PdP_Alicia-294x300.jpg 294w\" sizes=\"auto, (max-width: 478px) 100vw, 478px\" \/><\/a><\/figure>\n<\/div>\n<\/div>\n\n\n\n<div class=\"wp-block-columns is-layout-flex wp-container-core-columns-is-layout-28f84493 wp-block-columns-is-layout-flex\">\n<div class=\"wp-block-column is-layout-flow wp-block-column-is-layout-flow\">\n<p class=\"has-text-align-center\">Valentin<br>Lazaro<\/p>\n\n\n\n<figure class=\"wp-block-image aligncenter size-full has-custom-border is-style-rounded is-style-rounded--3\"><a href=\"https:\/\/zetatoons.fr\/index.php\/valentin-lazaro\/\"><img loading=\"lazy\" decoding=\"async\" width=\"449\" height=\"432\" src=\"http:\/\/zetatoons.fr\/wp-content\/uploads\/2025\/12\/PdP_Valentin.jpg\" alt=\"\" class=\"wp-image-125\" style=\"border-top-left-radius:20px;border-top-right-radius:20px;border-bottom-left-radius:20px;border-bottom-right-radius:20px\" srcset=\"https:\/\/zetatoons.fr\/wp-content\/uploads\/2025\/12\/PdP_Valentin.jpg 449w, https:\/\/zetatoons.fr\/wp-content\/uploads\/2025\/12\/PdP_Valentin-300x289.jpg 300w\" sizes=\"auto, (max-width: 449px) 100vw, 449px\" \/><\/a><\/figure>\n<\/div>\n\n\n\n<div class=\"wp-block-column is-layout-flow wp-block-column-is-layout-flow\">\n<p class=\"has-text-align-center\">Anjali<br>Ankhur<\/p>\n\n\n\n<figure class=\"wp-block-image aligncenter size-full has-custom-border\"><a href=\"https:\/\/zetatoons.fr\/index.php\/anjali-ankhur\"><img loading=\"lazy\" decoding=\"async\" width=\"496\" height=\"485\" src=\"http:\/\/zetatoons.fr\/wp-content\/uploads\/2025\/12\/PdP_Anjali.jpg\" alt=\"\" class=\"wp-image-130\" style=\"border-top-left-radius:20px;border-top-right-radius:20px;border-bottom-left-radius:20px;border-bottom-right-radius:20px\" srcset=\"https:\/\/zetatoons.fr\/wp-content\/uploads\/2025\/12\/PdP_Anjali.jpg 496w, https:\/\/zetatoons.fr\/wp-content\/uploads\/2025\/12\/PdP_Anjali-300x293.jpg 300w\" sizes=\"auto, (max-width: 496px) 100vw, 496px\" \/><\/a><\/figure>\n<\/div>\n\n\n\n<div class=\"wp-block-column is-layout-flow wp-block-column-is-layout-flow\">\n<p class=\"has-text-align-center\">Ma\u00e9va<br>Tanaka<\/p>\n\n\n\n<figure class=\"wp-block-image size-full has-custom-border\"><a href=\"https:\/\/zetatoons.fr\/index.php\/maeva-tanaka\/\"><img loading=\"lazy\" decoding=\"async\" width=\"489\" height=\"483\" src=\"http:\/\/zetatoons.fr\/wp-content\/uploads\/2025\/12\/PdP_Maeva.jpg\" alt=\"\" class=\"wp-image-69\" style=\"border-top-left-radius:20px;border-top-right-radius:20px;border-bottom-left-radius:20px;border-bottom-right-radius:20px\" srcset=\"https:\/\/zetatoons.fr\/wp-content\/uploads\/2025\/12\/PdP_Maeva.jpg 489w, https:\/\/zetatoons.fr\/wp-content\/uploads\/2025\/12\/PdP_Maeva-300x296.jpg 300w\" sizes=\"auto, (max-width: 489px) 100vw, 489px\" \/><\/a><\/figure>\n<\/div>\n\n\n\n<div class=\"wp-block-column is-layout-flow wp-block-column-is-layout-flow\">\n<p class=\"has-text-align-center\"><br>Xysperia<\/p>\n\n\n\n<figure class=\"wp-block-image size-full has-custom-border\"><a href=\"https:\/\/zetatoons.fr\/index.php\/xysperia\/\"><img loading=\"lazy\" decoding=\"async\" width=\"530\" height=\"499\" src=\"http:\/\/zetatoons.fr\/wp-content\/uploads\/2025\/12\/PdP_Xysperia.jpg\" alt=\"\" class=\"wp-image-126\" style=\"border-top-left-radius:20px;border-top-right-radius:20px;border-bottom-left-radius:20px;border-bottom-right-radius:20px\" srcset=\"https:\/\/zetatoons.fr\/wp-content\/uploads\/2025\/12\/PdP_Xysperia.jpg 530w, https:\/\/zetatoons.fr\/wp-content\/uploads\/2025\/12\/PdP_Xysperia-300x282.jpg 300w\" sizes=\"auto, (max-width: 530px) 100vw, 530px\" \/><\/a><\/figure>\n<\/div>\n<\/div>\n\n\n\n<div class=\"wp-block-columns is-layout-flex wp-container-core-columns-is-layout-28f84493 wp-block-columns-is-layout-flex\">\n<div class=\"wp-block-column is-layout-flow wp-block-column-is-layout-flow\">\n<p class=\"has-text-align-center\">MissMoonlight<\/p>\n\n\n\n<figure class=\"wp-block-image aligncenter size-full has-custom-border is-style-rounded is-style-rounded--4\"><a href=\"https:\/\/zetatoons.fr\/index.php\/missmoonlight\/\"><img loading=\"lazy\" decoding=\"async\" width=\"515\" height=\"492\" src=\"http:\/\/zetatoons.fr\/wp-content\/uploads\/2025\/12\/PdP_MissMoonLight.jpg\" alt=\"\" class=\"wp-image-122\" style=\"border-top-left-radius:20px;border-top-right-radius:20px;border-bottom-left-radius:20px;border-bottom-right-radius:20px\" srcset=\"https:\/\/zetatoons.fr\/wp-content\/uploads\/2025\/12\/PdP_MissMoonLight.jpg 515w, https:\/\/zetatoons.fr\/wp-content\/uploads\/2025\/12\/PdP_MissMoonLight-300x287.jpg 300w\" sizes=\"auto, (max-width: 515px) 100vw, 515px\" \/><\/a><\/figure>\n<\/div>\n\n\n\n<div class=\"wp-block-column is-layout-flow wp-block-column-is-layout-flow\"><\/div>\n\n\n\n<div class=\"wp-block-column is-layout-flow wp-block-column-is-layout-flow\"><\/div>\n\n\n\n<div class=\"wp-block-column is-layout-flow wp-block-column-is-layout-flow\"><\/div>\n<\/div>\n\n\n\n<h2 class=\"wp-block-heading\">Other<\/h2>\n\n\n\n<p>Several characters of mixed univers.<\/p>\n\n\n\n<div class=\"wp-block-columns is-layout-flex wp-container-core-columns-is-layout-28f84493 wp-block-columns-is-layout-flex\">\n<div class=\"wp-block-column is-layout-flow wp-block-column-is-layout-flow\">\n<p class=\"has-text-align-center\">Yoru<\/p>\n\n\n\n<figure class=\"wp-block-image aligncenter size-full has-custom-border is-style-rounded is-style-rounded--5\"><a href=\"https:\/\/zetatoons.fr\/index.php\/yoru\/\"><img loading=\"lazy\" decoding=\"async\" width=\"483\" height=\"429\" src=\"http:\/\/zetatoons.fr\/wp-content\/uploads\/2025\/12\/PdP_Yoru.jpg\" alt=\"\" class=\"wp-image-127\" style=\"border-top-left-radius:20px;border-top-right-radius:20px;border-bottom-left-radius:20px;border-bottom-right-radius:20px\" srcset=\"https:\/\/zetatoons.fr\/wp-content\/uploads\/2025\/12\/PdP_Yoru.jpg 483w, https:\/\/zetatoons.fr\/wp-content\/uploads\/2025\/12\/PdP_Yoru-300x266.jpg 300w\" sizes=\"auto, (max-width: 483px) 100vw, 483px\" \/><\/a><\/figure>\n<\/div>\n\n\n\n<div class=\"wp-block-column is-layout-flow wp-block-column-is-layout-flow\">\n<p class=\"has-text-align-center\">Denki<\/p>\n\n\n\n<figure class=\"wp-block-image aligncenter size-full has-custom-border\"><a href=\"https:\/\/zetatoons.fr\/index.php\/denki\/\"><img loading=\"lazy\" decoding=\"async\" width=\"468\" height=\"468\" src=\"http:\/\/zetatoons.fr\/wp-content\/uploads\/2025\/12\/PdP_Denki.jpg\" alt=\"\" class=\"wp-image-132\" style=\"border-top-left-radius:20px;border-top-right-radius:20px;border-bottom-left-radius:20px;border-bottom-right-radius:20px\" srcset=\"https:\/\/zetatoons.fr\/wp-content\/uploads\/2025\/12\/PdP_Denki.jpg 468w, https:\/\/zetatoons.fr\/wp-content\/uploads\/2025\/12\/PdP_Denki-300x300.jpg 300w, https:\/\/zetatoons.fr\/wp-content\/uploads\/2025\/12\/PdP_Denki-150x150.jpg 150w\" sizes=\"auto, (max-width: 468px) 100vw, 468px\" \/><\/a><\/figure>\n<\/div>\n\n\n\n<div class=\"wp-block-column is-layout-flow wp-block-column-is-layout-flow\">\n<p class=\"has-text-align-center\">Flora<\/p>\n\n\n\n<figure class=\"wp-block-image size-full has-custom-border\"><a href=\"https:\/\/zetatoons.fr\/index.php\/flora\/\"><img loading=\"lazy\" decoding=\"async\" width=\"414\" height=\"414\" src=\"http:\/\/zetatoons.fr\/wp-content\/uploads\/2025\/12\/PdP_Flora.jpg\" alt=\"\" class=\"wp-image-117\" style=\"border-top-left-radius:20px;border-top-right-radius:20px;border-bottom-left-radius:20px;border-bottom-right-radius:20px\" srcset=\"https:\/\/zetatoons.fr\/wp-content\/uploads\/2025\/12\/PdP_Flora.jpg 414w, https:\/\/zetatoons.fr\/wp-content\/uploads\/2025\/12\/PdP_Flora-300x300.jpg 300w, https:\/\/zetatoons.fr\/wp-content\/uploads\/2025\/12\/PdP_Flora-150x150.jpg 150w\" sizes=\"auto, (max-width: 414px) 100vw, 414px\" \/><\/a><\/figure>\n<\/div>\n\n\n\n<div class=\"wp-block-column is-layout-flow wp-block-column-is-layout-flow\">\n<p class=\"has-text-align-center\">Kyuhon<\/p>\n\n\n\n<figure class=\"wp-block-image size-full has-custom-border\"><a href=\"https:\/\/zetatoons.fr\/index.php\/kyuhon\/\"><img loading=\"lazy\" decoding=\"async\" width=\"419\" height=\"419\" src=\"http:\/\/zetatoons.fr\/wp-content\/uploads\/2025\/12\/PdP_Kyuhon.jpg\" alt=\"\" class=\"wp-image-119\" style=\"border-top-left-radius:20px;border-top-right-radius:20px;border-bottom-left-radius:20px;border-bottom-right-radius:20px\" srcset=\"https:\/\/zetatoons.fr\/wp-content\/uploads\/2025\/12\/PdP_Kyuhon.jpg 419w, https:\/\/zetatoons.fr\/wp-content\/uploads\/2025\/12\/PdP_Kyuhon-300x300.jpg 300w, https:\/\/zetatoons.fr\/wp-content\/uploads\/2025\/12\/PdP_Kyuhon-150x150.jpg 150w\" sizes=\"auto, (max-width: 419px) 100vw, 419px\" \/><\/a><\/figure>\n<\/div>\n<\/div>\n\n\n\n<div class=\"wp-block-columns is-layout-flex wp-container-core-columns-is-layout-28f84493 wp-block-columns-is-layout-flex\">\n<div class=\"wp-block-column is-layout-flow wp-block-column-is-layout-flow\">\n<p class=\"has-text-align-center\">Astra Hawny<\/p>\n\n\n\n<figure class=\"wp-block-image aligncenter size-full has-custom-border is-style-rounded is-style-rounded--6\"><a href=\"https:\/\/zetatoons.fr\/index.php\/astra-hawny\/\"><img loading=\"lazy\" decoding=\"async\" width=\"389\" height=\"389\" src=\"http:\/\/zetatoons.fr\/wp-content\/uploads\/2025\/12\/PdP_Astra.jpg\" alt=\"\" class=\"wp-image-131\" style=\"border-top-left-radius:20px;border-top-right-radius:20px;border-bottom-left-radius:20px;border-bottom-right-radius:20px\" srcset=\"https:\/\/zetatoons.fr\/wp-content\/uploads\/2025\/12\/PdP_Astra.jpg 389w, https:\/\/zetatoons.fr\/wp-content\/uploads\/2025\/12\/PdP_Astra-300x300.jpg 300w, https:\/\/zetatoons.fr\/wp-content\/uploads\/2025\/12\/PdP_Astra-150x150.jpg 150w\" sizes=\"auto, (max-width: 389px) 100vw, 389px\" \/><\/a><\/figure>\n<\/div>\n\n\n\n<div class=\"wp-block-column is-layout-flow wp-block-column-is-layout-flow\">\n<p class=\"has-text-align-center\">Zeta (sona)<\/p>\n\n\n\n<figure class=\"wp-block-image size-full has-custom-border\"><a href=\"https:\/\/zetatoons.fr\/index.php\/zeta\/\"><img loading=\"lazy\" decoding=\"async\" width=\"512\" height=\"512\" src=\"http:\/\/zetatoons.fr\/wp-content\/uploads\/2025\/11\/zetatoons_logo.jpg\" alt=\"\" class=\"wp-image-12\" style=\"border-top-left-radius:20px;border-top-right-radius:20px;border-bottom-left-radius:20px;border-bottom-right-radius:20px\" srcset=\"https:\/\/zetatoons.fr\/wp-content\/uploads\/2025\/11\/zetatoons_logo.jpg 512w, https:\/\/zetatoons.fr\/wp-content\/uploads\/2025\/11\/zetatoons_logo-300x300.jpg 300w, https:\/\/zetatoons.fr\/wp-content\/uploads\/2025\/11\/zetatoons_logo-150x150.jpg 150w\" sizes=\"auto, (max-width: 512px) 100vw, 512px\" \/><\/a><\/figure>\n<\/div>\n\n\n\n<div class=\"wp-block-column is-layout-flow wp-block-column-is-layout-flow\"><\/div>\n\n\n\n<div class=\"wp-block-column is-layout-flow wp-block-column-is-layout-flow\"><\/div>\n<\/div>\n\n\n\n<div class=\"wp-block-columns is-layout-flex wp-container-core-columns-is-layout-28f84493 wp-block-columns-is-layout-flex\">\n<div class=\"wp-block-column is-layout-flow wp-block-column-is-layout-flow\"><\/div>\n\n\n\n<div class=\"wp-block-column is-layout-flow wp-block-column-is-layout-flow\"><\/div>\n\n\n\n<div class=\"wp-block-column is-layout-flow wp-block-column-is-layout-flow\"><\/div>\n\n\n\n<div class=\"wp-block-column is-layout-flow wp-block-column-is-layout-flow\"><\/div>\n<\/div>\n\n\n\n<p><\/p>\n","protected":false},"excerpt":{"rendered":"<p>DreaMind characters Character of my amateur webcomic &#8220;DreaMind&#8221; I share with my co-writer AlphaPlot. L\u00e9a Lysenfet Alexandre Enrawl \u00c9ric Lasbrogh L\u00e9o Fredone J\u00e9r\u00e9mieTanaka RamaAnkhur SylviaSorevyn AliciaBelini ValentinLazaro AnjaliAnkhur Ma\u00e9vaTanaka Xysperia MissMoonlight Other Several characters of mixed univers. Yoru Denki Flora Kyuhon Astra Hawny Zeta (sona)<\/p>\n","protected":false},"author":2,"featured_media":0,"parent":0,"menu_order":0,"comment_status":"closed","ping_status":"closed","template":"","meta":{"footnotes":""},"class_list":["post-88","page","type-page","status-publish","hentry"],"featured_image_src":null,"jetpack_sharing_enabled":true,"_links":{"self":[{"href":"https:\/\/zetatoons.fr\/index.php\/wp-json\/wp\/v2\/pages\/88","targetHints":{"allow":["GET"]}}],"collection":[{"href":"https:\/\/zetatoons.fr\/index.php\/wp-json\/wp\/v2\/pages"}],"about":[{"href":"https:\/\/zetatoons.fr\/index.php\/wp-json\/wp\/v2\/types\/page"}],"author":[{"embeddable":true,"href":"https:\/\/zetatoons.fr\/index.php\/wp-json\/wp\/v2\/users\/2"}],"replies":[{"embeddable":true,"href":"https:\/\/zetatoons.fr\/index.php\/wp-json\/wp\/v2\/comments?post=88"}],"version-history":[{"count":24,"href":"https:\/\/zetatoons.fr\/index.php\/wp-json\/wp\/v2\/pages\/88\/revisions"}],"predecessor-version":[{"id":459,"href":"https:\/\/zetatoons.fr\/index.php\/wp-json\/wp\/v2\/pages\/88\/revisions\/459"}],"wp:attachment":[{"href":"https:\/\/zetatoons.fr\/index.php\/wp-json\/wp\/v2\/media?parent=88"}],"curies":[{"name":"wp","href":"https:\/\/api.w.org\/{rel}","templated":true}]}}