{"id":2,"date":"2025-11-15T21:34:26","date_gmt":"2025-11-15T21:34:26","guid":{"rendered":"http:\/\/zetatoons.fr\/?page_id=2"},"modified":"2025-12-28T11:33:45","modified_gmt":"2025-12-28T11:33:45","slug":"maeva-tanaka","status":"publish","type":"page","link":"https:\/\/zetatoons.fr\/index.php\/maeva-tanaka\/","title":{"rendered":"Ma\u00e9va Tanaka"},"content":{"rendered":"\n<div class=\"wp-block-columns is-layout-flex wp-container-core-columns-is-layout-28f84493 wp-block-columns-is-layout-flex\">\n<div class=\"wp-block-column is-layout-flow wp-block-column-is-layout-flow\" style=\"flex-basis:66.66%\">\n<figure class=\"wp-block-table aligncenter is-style-regular has-medium-font-size\" style=\"margin-top:0;margin-bottom:0\"><table class=\"has-fixed-layout\" style=\"border-style:none;border-width:0px\"><tbody><tr><td class=\"has-text-align-right\" data-align=\"right\"><strong>Gender<\/strong><\/td><td>Female<\/td><\/tr><tr><td class=\"has-text-align-right\" data-align=\"right\"><strong>Age<\/strong><\/td><td>33 yo<\/td><\/tr><tr><td class=\"has-text-align-right\" data-align=\"right\"><strong>Height<\/strong><\/td><td>1m63<\/td><\/tr><\/tbody><\/table><\/figure>\n<\/div>\n\n\n\n<div class=\"wp-block-column is-layout-flow wp-block-column-is-layout-flow\" style=\"flex-basis:33.33%\">\n<figure class=\"wp-block-image size-full has-custom-border is-style-rounded is-style-rounded--1\"><img loading=\"lazy\" decoding=\"async\" width=\"489\" height=\"483\" src=\"https:\/\/zetatoons.fr\/wp-content\/uploads\/2025\/12\/PdP_Maeva.jpg\" alt=\"\" class=\"wp-image-69\" style=\"border-style:none;border-width:0px;border-top-left-radius:20px;border-top-right-radius:20px;border-bottom-left-radius:20px;border-bottom-right-radius:20px\" srcset=\"https:\/\/zetatoons.fr\/wp-content\/uploads\/2025\/12\/PdP_Maeva.jpg 489w, https:\/\/zetatoons.fr\/wp-content\/uploads\/2025\/12\/PdP_Maeva-300x296.jpg 300w\" sizes=\"auto, (max-width: 489px) 100vw, 489px\" \/><\/figure>\n<\/div>\n<\/div>\n\n\n\n<p>Ma\u00e9va is as intelligent as she is evil. She is the step sister of J\u00e9r\u00e9mie Tanaka and has a very special relationship with him\u2026 but clearly not a good one : she needs his attention, and will do anything to keep it exclusive.<\/p>\n\n\n\n<div class=\"wp-block-columns is-layout-flex wp-container-core-columns-is-layout-28f84493 wp-block-columns-is-layout-flex\">\n<div class=\"wp-block-column is-layout-flow wp-block-column-is-layout-flow\">\n<h2 class=\"wp-block-heading has-large-font-size\"><strong>Likes<\/strong><\/h2>\n\n\n\n<ul class=\"wp-block-list\">\n<li>Her brother<\/li>\n\n\n\n<li>That her capacities are praized<\/li>\n\n\n\n<li>To plan and organized<\/li>\n<\/ul>\n<\/div>\n\n\n\n<div class=\"wp-block-column is-layout-flow wp-block-column-is-layout-flow\">\n<h2 class=\"wp-block-heading has-large-font-size\"><strong>Dislikes<\/strong><\/h2>\n\n\n\n<ul class=\"wp-block-list\">\n<li>That her brother is interested in other<\/li>\n\n\n\n<li>Loneliness<\/li>\n<\/ul>\n<\/div>\n<\/div>\n\n\n<div class=\"wp-block-ub-tabbed-content wp-block-ub-tabbed-content-holder wp-block-ub-tabbed-content-horizontal-holder-mobile wp-block-ub-tabbed-content-horizontal-holder-tablet\" id=\"ub-tabbed-content-8ca0ccef-7caf-47b3-b616-c317979a37ad\" style=\"\">\n\t\t\t<div class=\"wp-block-ub-tabbed-content-tab-holder horizontal-tab-width-mobile horizontal-tab-width-tablet\">\n\t\t\t\t<div role=\"tablist\" class=\"wp-block-ub-tabbed-content-tabs-title wp-block-ub-tabbed-content-tabs-title-mobile-horizontal-tab wp-block-ub-tabbed-content-tabs-title-tablet-horizontal-tab\" style=\"justify-content: flex-start; \"><div role=\"tab\" id=\"ub-tabbed-content-8ca0ccef-7caf-47b3-b616-c317979a37ad-tab-0\" aria-controls=\"ub-tabbed-content-8ca0ccef-7caf-47b3-b616-c317979a37ad-panel-0\" aria-selected=\"true\" class=\"wp-block-ub-tabbed-content-tab-title-wrap active\" style=\"--ub-tabbed-title-background-color: #92d190; --ub-tabbed-title-color: #325920; --ub-tabbed-active-title-color: #325920; --ub-tabbed-active-title-background-color: #92d190; text-align: left; \" tabindex=\"-1\">\n\t\t\t\t<div class=\"wp-block-ub-tabbed-content-tab-title\">Relationships<\/div>\n\t\t\t<\/div><div role=\"tab\" id=\"ub-tabbed-content-8ca0ccef-7caf-47b3-b616-c317979a37ad-tab-1\" aria-controls=\"ub-tabbed-content-8ca0ccef-7caf-47b3-b616-c317979a37ad-panel-1\" aria-selected=\"false\" class=\"wp-block-ub-tabbed-content-tab-title-wrap\" style=\"--ub-tabbed-title-background-color: #ECEADF; --ub-tabbed-title-color: #A62B0C; --ub-tabbed-active-title-color: #325920; --ub-tabbed-active-title-background-color: #92d190; text-align: left; \" tabindex=\"-1\">\n\t\t\t\t<div class=\"wp-block-ub-tabbed-content-tab-title\">More about<\/div>\n\t\t\t<\/div><\/div>\n\t\t\t<\/div>\n\t\t\t<div class=\"wp-block-ub-tabbed-content-tabs-content\" style=\"color: #ECEADF; \"><div role=\"tabpanel\" class=\"wp-block-ub-tabbed-content-tab-content-wrap active\" id=\"ub-tabbed-content-8ca0ccef-7caf-47b3-b616-c317979a37ad-panel-0\" aria-labelledby=\"ub-tabbed-content-8ca0ccef-7caf-47b3-b616-c317979a37ad-tab-0\" tabindex=\"0\">\n\n<ul class=\"wp-block-list\">\n<li class=\"has-contrast-color has-text-color has-link-color wp-elements-258de74cbea929e69978530649b703e7\">J\u00e9r\u00e9mie Tanaka : her step brother. She loves him and is quiet obsessed with him.<\/li>\n<\/ul>\n\n<\/div><div role=\"tabpanel\" class=\"wp-block-ub-tabbed-content-tab-content-wrap ub-hide\" id=\"ub-tabbed-content-8ca0ccef-7caf-47b3-b616-c317979a37ad-panel-1\" aria-labelledby=\"ub-tabbed-content-8ca0ccef-7caf-47b3-b616-c317979a37ad-tab-1\" tabindex=\"0\">\n\n<p class=\"has-contrast-color has-text-color has-link-color wp-elements-f82aa336803d49249573a28e8b821991\">She is the main antagonist of the end of DreaMind.<\/p>\n\n<\/div><\/div>\n\t\t<\/div>\n\n\n<h2 class=\"wp-block-heading\">Reference sheets &amp; Outfits<\/h2>\n\n\n\n<figure class=\"wp-block-gallery has-nested-images columns-default is-cropped wp-block-gallery-2 is-layout-flex wp-block-gallery-is-layout-flex\">\n<figure class=\"wp-block-image size-large\"><img loading=\"lazy\" decoding=\"async\" width=\"768\" height=\"1024\" data-id=\"101\" src=\"https:\/\/zetatoons.fr\/wp-content\/uploads\/2025\/12\/Fiche_Maeva-768x1024.jpg\" alt=\"\" class=\"wp-image-101\" srcset=\"https:\/\/zetatoons.fr\/wp-content\/uploads\/2025\/12\/Fiche_Maeva-768x1024.jpg 768w, https:\/\/zetatoons.fr\/wp-content\/uploads\/2025\/12\/Fiche_Maeva-225x300.jpg 225w, https:\/\/zetatoons.fr\/wp-content\/uploads\/2025\/12\/Fiche_Maeva.jpg 960w\" sizes=\"auto, (max-width: 768px) 100vw, 768px\" \/><\/figure>\n\n\n\n<figure class=\"wp-block-image size-large\"><img loading=\"lazy\" decoding=\"async\" width=\"854\" height=\"726\" data-id=\"100\" src=\"http:\/\/zetatoons.fr\/wp-content\/uploads\/2025\/12\/HabitLuna_Maeva-1.png\" alt=\"\" class=\"wp-image-100\" srcset=\"https:\/\/zetatoons.fr\/wp-content\/uploads\/2025\/12\/HabitLuna_Maeva-1.png 854w, https:\/\/zetatoons.fr\/wp-content\/uploads\/2025\/12\/HabitLuna_Maeva-1-300x255.png 300w, https:\/\/zetatoons.fr\/wp-content\/uploads\/2025\/12\/HabitLuna_Maeva-1-768x653.png 768w\" sizes=\"auto, (max-width: 854px) 100vw, 854px\" \/><figcaption class=\"wp-element-caption\">Design by Lunasteria<\/figcaption><\/figure>\n<\/figure>\n\n\n\n<h2 class=\"wp-block-heading\">Gallery<\/h2>\n\n\n\n<figure class=\"wp-block-gallery has-nested-images columns-2 is-cropped wp-block-gallery-3 is-layout-flex wp-block-gallery-is-layout-flex\" style=\"border-style:none;border-width:0px;border-top-left-radius:0px;border-top-right-radius:0px;border-bottom-left-radius:0px;border-bottom-right-radius:0px\">\n<figure class=\"wp-block-image size-large\"><img loading=\"lazy\" decoding=\"async\" width=\"786\" height=\"1024\" data-id=\"79\" src=\"http:\/\/zetatoons.fr\/wp-content\/uploads\/2025\/12\/Artfight24_Byron_Maeva-786x1024.png\" alt=\"Ma\u00e9va bu Byron (https:\/\/byronlunasteria.wordpress.com\/)\" class=\"wp-image-79\" srcset=\"https:\/\/zetatoons.fr\/wp-content\/uploads\/2025\/12\/Artfight24_Byron_Maeva-786x1024.png 786w, https:\/\/zetatoons.fr\/wp-content\/uploads\/2025\/12\/Artfight24_Byron_Maeva-230x300.png 230w, https:\/\/zetatoons.fr\/wp-content\/uploads\/2025\/12\/Artfight24_Byron_Maeva-768x1001.png 768w, https:\/\/zetatoons.fr\/wp-content\/uploads\/2025\/12\/Artfight24_Byron_Maeva.png 850w\" sizes=\"auto, (max-width: 786px) 100vw, 786px\" \/><figcaption class=\"wp-element-caption\">Ma\u00e9va by Byron<\/figcaption><\/figure>\n\n\n\n<figure class=\"wp-block-image size-large\"><img loading=\"lazy\" decoding=\"async\" width=\"904\" height=\"1024\" data-id=\"81\" src=\"http:\/\/zetatoons.fr\/wp-content\/uploads\/2025\/12\/Artfight25_Maeva_Luna-904x1024.png\" alt=\"Ma\u00e9va by Lunasteria (https:\/\/byronlunasteria.wordpress.com\/)\" class=\"wp-image-81\" srcset=\"https:\/\/zetatoons.fr\/wp-content\/uploads\/2025\/12\/Artfight25_Maeva_Luna-904x1024.png 904w, https:\/\/zetatoons.fr\/wp-content\/uploads\/2025\/12\/Artfight25_Maeva_Luna-265x300.png 265w, https:\/\/zetatoons.fr\/wp-content\/uploads\/2025\/12\/Artfight25_Maeva_Luna-768x870.png 768w, https:\/\/zetatoons.fr\/wp-content\/uploads\/2025\/12\/Artfight25_Maeva_Luna-1355x1536.png 1355w, https:\/\/zetatoons.fr\/wp-content\/uploads\/2025\/12\/Artfight25_Maeva_Luna.png 1500w\" sizes=\"auto, (max-width: 904px) 100vw, 904px\" \/><figcaption class=\"wp-element-caption\">Ma\u00e9va by Lunasteria<\/figcaption><\/figure>\n\n\n\n<figure class=\"wp-block-image size-large\"><img loading=\"lazy\" decoding=\"async\" width=\"772\" height=\"1024\" data-id=\"83\" src=\"http:\/\/zetatoons.fr\/wp-content\/uploads\/2025\/12\/Maeva_Poussi-772x1024.png\" alt=\"Ma\u00e9va by Poussi (https:\/\/linktr.ee\/poussi)\" class=\"wp-image-83\" srcset=\"https:\/\/zetatoons.fr\/wp-content\/uploads\/2025\/12\/Maeva_Poussi-772x1024.png 772w, https:\/\/zetatoons.fr\/wp-content\/uploads\/2025\/12\/Maeva_Poussi-226x300.png 226w, https:\/\/zetatoons.fr\/wp-content\/uploads\/2025\/12\/Maeva_Poussi-768x1019.png 768w, https:\/\/zetatoons.fr\/wp-content\/uploads\/2025\/12\/Maeva_Poussi.png 1125w\" sizes=\"auto, (max-width: 772px) 100vw, 772px\" \/><figcaption class=\"wp-element-caption\">Ma\u00e9va by Poussi<\/figcaption><\/figure>\n\n\n\n<figure class=\"wp-block-image size-large\"><img loading=\"lazy\" decoding=\"async\" width=\"664\" height=\"1024\" data-id=\"85\" src=\"http:\/\/zetatoons.fr\/wp-content\/uploads\/2025\/12\/Artfight24_Gwenn_Maeva-664x1024.jpeg\" alt=\"Ma\u00e9va by Gwenn (https:\/\/instagram.com\/@_.dwenn\/)\" class=\"wp-image-85\" srcset=\"https:\/\/zetatoons.fr\/wp-content\/uploads\/2025\/12\/Artfight24_Gwenn_Maeva-664x1024.jpeg 664w, https:\/\/zetatoons.fr\/wp-content\/uploads\/2025\/12\/Artfight24_Gwenn_Maeva-194x300.jpeg 194w, https:\/\/zetatoons.fr\/wp-content\/uploads\/2025\/12\/Artfight24_Gwenn_Maeva-768x1185.jpeg 768w, https:\/\/zetatoons.fr\/wp-content\/uploads\/2025\/12\/Artfight24_Gwenn_Maeva-996x1536.jpeg 996w, https:\/\/zetatoons.fr\/wp-content\/uploads\/2025\/12\/Artfight24_Gwenn_Maeva.jpeg 1048w\" sizes=\"auto, (max-width: 664px) 100vw, 664px\" \/><figcaption class=\"wp-element-caption\">Ma\u00e9va by Gwenn<\/figcaption><\/figure>\n<\/figure>\n\n\n\n<figure class=\"wp-block-gallery has-nested-images columns-5 is-cropped wp-block-gallery-4 is-layout-flex wp-block-gallery-is-layout-flex\">\n<figure class=\"wp-block-image size-large\"><img loading=\"lazy\" decoding=\"async\" width=\"512\" height=\"512\" data-id=\"350\" src=\"https:\/\/zetatoons.fr\/wp-content\/uploads\/2025\/12\/StickerTapepied.png\" alt=\"\" class=\"wp-image-350\" srcset=\"https:\/\/zetatoons.fr\/wp-content\/uploads\/2025\/12\/StickerTapepied.png 512w, https:\/\/zetatoons.fr\/wp-content\/uploads\/2025\/12\/StickerTapepied-300x300.png 300w, https:\/\/zetatoons.fr\/wp-content\/uploads\/2025\/12\/StickerTapepied-150x150.png 150w\" sizes=\"auto, (max-width: 512px) 100vw, 512px\" \/><\/figure>\n\n\n\n<figure class=\"wp-block-image size-large\"><img loading=\"lazy\" decoding=\"async\" width=\"512\" height=\"512\" data-id=\"349\" src=\"https:\/\/zetatoons.fr\/wp-content\/uploads\/2025\/12\/StickerDiableSourire.png\" alt=\"\" class=\"wp-image-349\" srcset=\"https:\/\/zetatoons.fr\/wp-content\/uploads\/2025\/12\/StickerDiableSourire.png 512w, https:\/\/zetatoons.fr\/wp-content\/uploads\/2025\/12\/StickerDiableSourire-300x300.png 300w, https:\/\/zetatoons.fr\/wp-content\/uploads\/2025\/12\/StickerDiableSourire-150x150.png 150w\" sizes=\"auto, (max-width: 512px) 100vw, 512px\" \/><\/figure>\n\n\n\n<figure class=\"wp-block-image size-large\"><img loading=\"lazy\" decoding=\"async\" width=\"512\" height=\"512\" data-id=\"348\" src=\"https:\/\/zetatoons.fr\/wp-content\/uploads\/2025\/12\/StickerColere.png\" alt=\"\" class=\"wp-image-348\" srcset=\"https:\/\/zetatoons.fr\/wp-content\/uploads\/2025\/12\/StickerColere.png 512w, https:\/\/zetatoons.fr\/wp-content\/uploads\/2025\/12\/StickerColere-300x300.png 300w, https:\/\/zetatoons.fr\/wp-content\/uploads\/2025\/12\/StickerColere-150x150.png 150w\" sizes=\"auto, (max-width: 512px) 100vw, 512px\" \/><\/figure>\n\n\n\n<figure class=\"wp-block-image size-large\"><img loading=\"lazy\" decoding=\"async\" width=\"512\" height=\"512\" data-id=\"347\" src=\"https:\/\/zetatoons.fr\/wp-content\/uploads\/2025\/12\/StickerNuage.png\" alt=\"\" class=\"wp-image-347\" srcset=\"https:\/\/zetatoons.fr\/wp-content\/uploads\/2025\/12\/StickerNuage.png 512w, https:\/\/zetatoons.fr\/wp-content\/uploads\/2025\/12\/StickerNuage-300x300.png 300w, https:\/\/zetatoons.fr\/wp-content\/uploads\/2025\/12\/StickerNuage-150x150.png 150w\" sizes=\"auto, (max-width: 512px) 100vw, 512px\" \/><\/figure>\n\n\n\n<figure class=\"wp-block-image size-large\"><img loading=\"lazy\" decoding=\"async\" width=\"512\" height=\"512\" data-id=\"346\" src=\"https:\/\/zetatoons.fr\/wp-content\/uploads\/2025\/12\/StickerMenotte.png\" alt=\"\" class=\"wp-image-346\" srcset=\"https:\/\/zetatoons.fr\/wp-content\/uploads\/2025\/12\/StickerMenotte.png 512w, https:\/\/zetatoons.fr\/wp-content\/uploads\/2025\/12\/StickerMenotte-300x300.png 300w, https:\/\/zetatoons.fr\/wp-content\/uploads\/2025\/12\/StickerMenotte-150x150.png 150w\" sizes=\"auto, (max-width: 512px) 100vw, 512px\" \/><\/figure>\n<\/figure>\n","protected":false},"excerpt":{"rendered":"<p>Gender Female Age 33 yo Height 1m63 Ma\u00e9va is as intelligent as she is evil. She is the step sister of J\u00e9r\u00e9mie Tanaka and has a very special relationship with him\u2026 but clearly not a good one : she needs his attention, and will do anything to keep it exclusive. Likes Dislikes Reference sheets &amp; [&hellip;]<\/p>\n","protected":false},"author":1,"featured_media":0,"parent":0,"menu_order":0,"comment_status":"closed","ping_status":"open","template":"","meta":{"footnotes":""},"class_list":["post-2","page","type-page","status-publish","hentry"],"featured_image_src":null,"jetpack_sharing_enabled":true,"_links":{"self":[{"href":"https:\/\/zetatoons.fr\/index.php\/wp-json\/wp\/v2\/pages\/2","targetHints":{"allow":["GET"]}}],"collection":[{"href":"https:\/\/zetatoons.fr\/index.php\/wp-json\/wp\/v2\/pages"}],"about":[{"href":"https:\/\/zetatoons.fr\/index.php\/wp-json\/wp\/v2\/types\/page"}],"author":[{"embeddable":true,"href":"https:\/\/zetatoons.fr\/index.php\/wp-json\/wp\/v2\/users\/1"}],"replies":[{"embeddable":true,"href":"https:\/\/zetatoons.fr\/index.php\/wp-json\/wp\/v2\/comments?post=2"}],"version-history":[{"count":14,"href":"https:\/\/zetatoons.fr\/index.php\/wp-json\/wp\/v2\/pages\/2\/revisions"}],"predecessor-version":[{"id":352,"href":"https:\/\/zetatoons.fr\/index.php\/wp-json\/wp\/v2\/pages\/2\/revisions\/352"}],"wp:attachment":[{"href":"https:\/\/zetatoons.fr\/index.php\/wp-json\/wp\/v2\/media?parent=2"}],"curies":[{"name":"wp","href":"https:\/\/api.w.org\/{rel}","templated":true}]}}